{"id":140,"date":"2021-02-01T22:30:22","date_gmt":"2021-02-01T21:30:22","guid":{"rendered":"http:\/\/picartproject.de\/?page_id=140"},"modified":"2021-08-30T17:27:38","modified_gmt":"2021-08-30T15:27:38","slug":"impressum","status":"publish","type":"page","link":"https:\/\/picartproject.de\/?page_id=140","title":{"rendered":"Impressum"},"content":{"rendered":"<div class=\"bm-builder clearfix \"><div id=\"\" class=\"module col-0 module-id-1613049455683 bm-wrap row-equal_spacing_v row-center\" data-module-col=\"0\" data-change-color=\"off\" data-backcolor=\"transparent\" data-frontcolor=\"\" data-logocolor=\"\" data-goto-top=\"off\" data-goto-top-spacing=\"0\" data-goto-disable-m=\"\" data-groupsameheight=\"\"><div class=\"module-inside group-inside\" style=\"--top-mod: 0px;--bottom-mod: 20px;--top-mod-t: 0px;--bottom-mod-t: 20px;--top-mod-m:0px;--bottom-mod-m:0px;\" ><div id=\"\" class=\"module col-12 module-id-1613049455850\" data-module-col=\"12\"><div class=\"module-inside single-image-inside\" style=\"--top-mod: 0px;--bottom-mod: 0px;--top-mod-t: 0px;--bottom-mod-t: 0px;--top-mod-m:0px;--bottom-mod-m:0px;\" ><div class=\"single-image-out single-image-svg\" ><div class=\"single-image align-center align-center-m  \"><span class=\"ux-hover-wrap-a\"><\/span><\/div><\/div><\/div><\/div><div id=\"\" class=\"module col-12 module-id-1613049455954\" data-module-col=\"12\"><div class=\"module-inside text-inside\" style=\"--top-mod: 0px;--bottom-mod: 80px;--top-mod-t: 0px;--bottom-mod-t: 80px;--top-mod-m:40px;--bottom-mod-m:0px;\" ><div class=\"text_block_out\"  data-effect=\"standard\" style=\"\"><div class=\"text_block ux-mod-nobg\"><div class=\"text_block_inn\"><div id=\"text-1613049455954\" class=\"text_block_centered \"  style=\"\"><p><\/p><h1 style=\"text-align: center;\"><span style=\"font-size: 120px;\" data-msize=\"84\">Impressum \u2013 IMPRINT<\/span><\/h1><p><\/p><\/div><\/div><\/div><\/div><\/div><\/div><div id=\"\" class=\"module col-12 module-id-161304945628\" data-module-col=\"12\"><div class=\"module-inside single-image-inside\" style=\"--top-mod: 0px;--bottom-mod: 0px;--top-mod-t: 0px;--bottom-mod-t: 0px;--top-mod-m:0px;--bottom-mod-m:0px;\" ><div class=\"single-image-out single-image-svg\" ><div class=\"single-image align-center align-center-m  \"><span class=\"ux-hover-wrap-a\"><embed class=\"single-image-embed\" datasrc=\"https:\/\/picartproject.de\/wp-content\/uploads\/2021\/02\/DSF6032.jpg\"  type=\"image\/svg+xml\"><\/embed><\/span><\/div><\/div><\/div><\/div><\/div><\/div><div id=\"\" class=\"module col-10 module-id-1613049456133 bm-wrap row-top row-left bm-wrap-height-auto col-offset-1\" data-module-col=\"10\" data-change-color=\"on\" data-backcolor=\"#000000\" data-frontcolor=\"#ffffff\" data-logocolor=\"default-logo-univer\" data-goto-top=\"off\" data-goto-top-spacing=\"0\" data-goto-disable-m=\"\" data-groupsameheight=\"off\"><div class=\"module-inside group-inside\" style=\"--top-mod: 0px;--bottom-mod: 120px;--top-mod-t: 0px;--bottom-mod-t: 120px;--top-mod-m:0px;--bottom-mod-m:20px;\" ><div id=\"\" class=\"module col-6 module-id-1613049456338\" data-module-col=\"6\"><div class=\"module-inside text-inside\" style=\"--top-mod: 0px;--bottom-mod: 20px;--top-mod-t: 0px;--bottom-mod-t: 20px;--top-mod-m:0px;--bottom-mod-m:20px;\" ><div class=\"text_block_out\"  data-effect=\"standard\" style=\"\"><div class=\"text_block ux-mod-nobg\"><div class=\"text_block_inn\"><div id=\"text-1613049456338\" class=\"text_block_centered \"  style=\"\"><p><\/p><h5 style=\"line-height: 1.3;\"><span style=\"font-size: 28px;\" data-msize=\"22\">Jonathan Fleischle<\/span><\/h5><h5 style=\"line-height: 1.3;\"><span style=\"font-size: 28px;\" data-msize=\"22\"><br><\/span><\/h5><h5 style=\"line-height: 1.3;\"><span style=\"font-size: 28px;\" data-msize=\"22\">Pic Art Project<\/span><\/h5><p><br><\/p><p><br><\/p><p><span style=\"font-size: 18px;\">Eppendorfer Stieg 5<\/span><br><\/p><p><br><\/p><p><span style=\"font-size: 18px;\">22299 Hamburg<\/span><\/p><p><span style=\"font-size: 18px;\">Germany<\/span><\/p><p><br><\/p><p><span style=\"font-size: 18px;\">E-Mail: info@picartproject.de<\/span><\/p><p><span style=\"font-size: 18px;\">Internet: www.picartproject.de<\/span><\/p><p><span style=\"font-size: 18px;\">Phone: +49 176 96 300 758<\/span><\/p><p><br><\/p><p><br><\/p><\/div><\/div><\/div><\/div><\/div><\/div><div id=\"\" class=\"module col-5 module-id-1613049456424 col-offset-0\" data-module-col=\"5\"><div class=\"module-inside text-inside\" style=\"--top-mod: 0px;--bottom-mod: 0px;--top-mod-t: 0px;--bottom-mod-t: 0px;--top-mod-m:0px;--bottom-mod-m:0px;\" ><div class=\"text_block_out\"  data-effect=\"standard\" style=\"\"><div class=\"text_block ux-mod-nobg\"><div class=\"text_block_inn\"><div id=\"text-1613049456424\" class=\"text_block_centered \"  style=\"\"><h4><span style=\"font-size: 24px; color: inherit; font-family: ux-font-16125320543;\">Verantwortlicher f\u00fcr redaktionelle Inhalte<\/span><\/h4><p><span style=\"font-size: 18px;\">im Sinne des Art. 55 Rundfunkstaatsvertrag ist:<\/span><\/p><p><br><\/p><p><br><\/p><p><span style=\"font-size: 18px;\">Jonathan Fleischle<\/span><\/p><p><br><\/p><p><span style=\"font-size: 18px;\">Eppendorfer Stieg 5<\/span><\/p><p><span style=\"font-size: 18px;\">22299 Hamburg<\/span><\/p><p><span style=\"font-size: 18px;\">Germany<\/span><\/p><p><br><\/p><p><br><\/p><p><br><\/p><h4><span style=\"font-size: 24px;\">Websites Dritter<\/span><\/h4><p><br><\/p><p><span style=\"font-size: 18px;\">Links auf die Websites Dritter dienen lediglich der Information der Besucher dieser Website. Auf die Inhalte dieser Dritt-Websites hat Jonathan Fleischle keinen Einfluss. Er macht sich deren Ansichten ausdr\u00fccklich nicht zu eigen. Daher \u00fcbernimmt er f\u00fcr deren Inhalte auch keine Verantwortung und keine Haftung.<\/span><\/p><\/div><\/div><\/div><\/div><\/div><\/div><div id=\"\" class=\"module col-5 module-id-1613049456509\" data-module-col=\"5\"><div class=\"module-inside text-inside\" style=\"--top-mod: 0px;--bottom-mod: 0px;--top-mod-t: 0px;--bottom-mod-t: 0px;--top-mod-m:0px;--bottom-mod-m:20px;\" ><div class=\"text_block_out\"  data-effect=\"standard\" style=\"\"><div class=\"text_block ux-mod-nobg\"><div class=\"text_block_inn\"><div id=\"text-1613049456509\" class=\"text_block_centered \"  style=\"\"><h4><span style=\"font-size: 24px; color: inherit; font-family: ux-font-16125320543;\">Responsible for editorial content<\/span><\/h4><p><span style=\"font-size: 18px;\">within the meaning of Art. 55 of TMG (German Telemedia Act) is:<\/span><\/p><p><br><\/p><p><br><\/p><p><span style=\"font-size: 18px;\">Jonathan Fleischle<\/span><\/p><p><br><\/p><p><span style=\"font-size: 18px;\">Eppendorfer Stieg 5<\/span><\/p><p><span style=\"font-size: 18px;\">22299 Hamburg<\/span><\/p><p><span style=\"font-size: 18px;\">Germany<\/span><\/p><h4><br><\/h4><p><br><\/p><h4><br><span style=\"font-size: 24px;\">Third party websites<\/span><\/h4><p><br><\/p><p><span style=\"font-size: 18px;\">Links to third-party websites are provided solely for the information of visitors to this website. Jonathan Fleischle has no influence on the content of these third-party websites. He expressly does not adopt their views as his own. Therefore, he assumes no responsibility or liability for their content.<\/span><\/p><p><\/p><\/div><\/div><\/div><\/div><\/div><\/div><\/div><\/div><\/div>","protected":false},"excerpt":{"rendered":"<p>Impressum \u2013 IMPRINTJonathan FleischlePic Art ProjectEppendorfer Stieg 522299 HamburgGermanyE-Mail: info@picartproject.deInternet: &hellip;<\/p>\n","protected":false},"author":1,"featured_media":0,"parent":0,"menu_order":0,"comment_status":"closed","ping_status":"closed","template":"","meta":{"inline_featured_image":false,"footnotes":""},"class_list":["post-140","page","type-page","status-publish","hentry"],"_links":{"self":[{"href":"https:\/\/picartproject.de\/index.php?rest_route=\/wp\/v2\/pages\/140","targetHints":{"allow":["GET"]}}],"collection":[{"href":"https:\/\/picartproject.de\/index.php?rest_route=\/wp\/v2\/pages"}],"about":[{"href":"https:\/\/picartproject.de\/index.php?rest_route=\/wp\/v2\/types\/page"}],"author":[{"embeddable":true,"href":"https:\/\/picartproject.de\/index.php?rest_route=\/wp\/v2\/users\/1"}],"replies":[{"embeddable":true,"href":"https:\/\/picartproject.de\/index.php?rest_route=%2Fwp%2Fv2%2Fcomments&post=140"}],"version-history":[{"count":2,"href":"https:\/\/picartproject.de\/index.php?rest_route=\/wp\/v2\/pages\/140\/revisions"}],"predecessor-version":[{"id":318,"href":"https:\/\/picartproject.de\/index.php?rest_route=\/wp\/v2\/pages\/140\/revisions\/318"}],"wp:attachment":[{"href":"https:\/\/picartproject.de\/index.php?rest_route=%2Fwp%2Fv2%2Fmedia&parent=140"}],"curies":[{"name":"wp","href":"https:\/\/api.w.org\/{rel}","templated":true}]}}